{"id":42,"date":"2014-04-27T14:24:56","date_gmt":"2014-04-27T12:24:56","guid":{"rendered":"http:\/\/www.daun-gemuenden.de\/cms\/?page_id=42"},"modified":"2026-04-02T09:43:38","modified_gmt":"2026-04-02T07:43:38","slug":"herzlich-willkommen","status":"publish","type":"page","link":"https:\/\/www.daun-gemuenden.de\/cms\/","title":{"rendered":"Herzlich Willkommen"},"content":{"rendered":"<p style=\"text-align: center;\">Herzlich Willkommen auf der neuen Internetseite www.daun-gemuenden.de.<\/p>\n<p style=\"text-align: center;\">Wir freuen uns, das neue Angebot pr\u00e4sentieren zu k\u00f6nnen.<\/p>\n<p style=\"text-align: center;\">Viel Spa\u00df beim St\u00f6bern &#8230;<\/p>\n<p style=\"text-align: center;\"><img loading=\"lazy\" decoding=\"async\" class=\"aligncenter\" src=\"https:\/\/www.daun-gemuenden.de\/cms\/wp-content\/uploads\/2014\/04\/fotos-aus-dem-hubschrauber-87.jpg\" alt=\"https:\/\/www.daun-gemuenden.de\/cms\/wp-content\/uploads\/2014\/04\/fotos-aus-dem-hubschrauber-87.jpg\" width=\"491\" height=\"343\"><\/p>\n<p class=\"art-postheader\"><img loading=\"lazy\" decoding=\"async\" class=\"aligncenter\" src=\"https:\/\/www.daun-gemuenden.de\/cms_joomla\/images\/gmaar.jpg\" alt=\"\" width=\"465\" height=\"333\" border=\"0\"><\/p>\n\n\n<figure class=\"wp-block-table\"><table><tbody><tr><td><a href=\"https:\/\/thingspeak.mathworks.com\/channels\/3180649\">Hochwasserpegel Gem\u00fcnden &#8211; ThingSpeak IoT<\/a> <a href=\"https:\/\/thingspeak.mathworks.com\/channels\/3180649\">thingspeak.mathworks.com<\/a> <img loading=\"lazy\" decoding=\"async\" width=\"30\" height=\"30\" src=\"\" alt=\"apple-touch-icon.png\"><a href=\"https:\/\/thingspeak.mathworks.com\/channels\/3180649\"><\/a><\/td><\/tr><\/tbody><\/table><\/figure>\n","protected":false},"excerpt":{"rendered":"<p>Herzlich Willkommen auf der neuen Internetseite www.daun-gemuenden.de. Wir freuen uns, das neue Angebot pr\u00e4sentieren zu k\u00f6nnen. Viel Spa\u00df beim St\u00f6bern &#8230; Hochwasserpegel Gem\u00fcnden &#8211; ThingSpeak IoT thingspeak.mathworks.com<\/p>\n","protected":false},"author":1,"featured_media":0,"parent":0,"menu_order":0,"comment_status":"closed","ping_status":"closed","template":"","meta":{"footnotes":""},"_links":{"self":[{"href":"https:\/\/www.daun-gemuenden.de\/cms\/wp-json\/wp\/v2\/pages\/42"}],"collection":[{"href":"https:\/\/www.daun-gemuenden.de\/cms\/wp-json\/wp\/v2\/pages"}],"about":[{"href":"https:\/\/www.daun-gemuenden.de\/cms\/wp-json\/wp\/v2\/types\/page"}],"author":[{"embeddable":true,"href":"https:\/\/www.daun-gemuenden.de\/cms\/wp-json\/wp\/v2\/users\/1"}],"replies":[{"embeddable":true,"href":"https:\/\/www.daun-gemuenden.de\/cms\/wp-json\/wp\/v2\/comments?post=42"}],"version-history":[{"count":8,"href":"https:\/\/www.daun-gemuenden.de\/cms\/wp-json\/wp\/v2\/pages\/42\/revisions"}],"predecessor-version":[{"id":885,"href":"https:\/\/www.daun-gemuenden.de\/cms\/wp-json\/wp\/v2\/pages\/42\/revisions\/885"}],"wp:attachment":[{"href":"https:\/\/www.daun-gemuenden.de\/cms\/wp-json\/wp\/v2\/media?parent=42"}],"curies":[{"name":"wp","href":"https:\/\/api.w.org\/{rel}","templated":true}]}}