{"id":230,"date":"2019-10-21T10:44:12","date_gmt":"2019-10-21T08:44:12","guid":{"rendered":"https:\/\/www.daun-gemuenden.de\/cms\/?page_id=230"},"modified":"2024-11-23T14:53:02","modified_gmt":"2024-11-23T12:53:02","slug":"info-des-ortsbeirat","status":"publish","type":"page","link":"https:\/\/www.daun-gemuenden.de\/cms\/info-des-ortsbeirat\/","title":{"rendered":"Info des Ortsbeirat"},"content":{"rendered":"\n<p class=\"has-large-font-size\"><strong>Notfallerstversorgung<\/strong><\/p>\n\n\n\n<p>Am Samstag den 15.04.2023 wurde von zwei&nbsp; flei\u00dfigen B\u00fcrgern aus Gem\u00fcnden ein Defibrillator am Feuerwehrhaus in Gem\u00fcnden montiert und betriebsbereit&nbsp; installiert. Das Ger\u00e4t wurde von dem Verein\u201c Schwarzer Fl\u00fcgel\u201c gestiftet, dessen Pr\u00e4sidentin Janine Theis, eine B\u00fcrgerin aus Gem\u00fcnden ist, und wird auch von diesem unterhalten. (Versichert, gewartet und es werden Sicherheitstechnische&nbsp; Kontrollen durchgef\u00fchrt). Das Ger\u00e4t ist frei zug\u00e4nglich und dient der Wiederbelebung bei pl\u00f6tzlichem Herzversagen. Die Anwendung ist denkbar einfach, weil sie automatisiert ist und durch Sprachansagen unterst\u00fctzt wird. Es stellt f\u00fcr Gem\u00fcnden eine Bereicherung in der Medizinischen&nbsp; Notfallerstversorgung dar und ist dank des technischen Fortschrittes in der Medizintechnik&nbsp; im Bedarfsfall ein wichtiges Hilfsmittel. Wir bedanken uns ganz besonders&nbsp; bei der Pr\u00e4sidentin vom Verein \u201eSchwarzer Fl\u00fcgel Deutschland \u201e Janin Theis f\u00fcr die Initiative und vorbildliche Unterst\u00fctzung&nbsp; bei diesem Projekt.<\/p>\n\n\n\n<p class=\"has-medium-font-size\">Hermann Sch\u00fcller Ortsvorsteher<\/p>\n\n\n\n<p><strong>Auszug aus der Niederschrift der Ortsbeiratssitzung vom 21.09.2023<\/strong><\/p>\n\n\n\n<p><strong>Pr\u00e4sentation der Renaturierungsma\u00dfnahme<\/strong><\/p>\n\n\n\n<p>Ein mit der Hochwasserhydraulischen Planung f\u00fcr Gem\u00fcnden beauftragtes Ingenieurb\u00fcro, pr\u00e4sentierte in einer anschaulichen optischen&nbsp; Version die derzeitigen Flie\u00dfverh\u00e4ltnisse der Gew\u00e4sser Lieser und des P\u00fctzborner Baches w\u00e4hrend eines Hochwasserereignisses &nbsp;und erl\u00e4uterte anschlie\u00dfend die Ma\u00dfnahmen, die zur Verbesserung der Ausuferung der Wassermassen&nbsp; und damit zur Schadensbegrenzung im Hochwasserereignissfall beitragen sollen. Die Planungen der \u00fcbersichtlichen Ma\u00dfnahmen sind inzwischen abgeschlossen und es werden zeitnah die F\u00f6rderantr\u00e4ge gestellt,&nbsp; so dass &nbsp;mit dem Beginn der Ausf\u00fchrungen der Baut\u00e4tigkeit Mitte bis Ende des Jahres 2024 zu rechnen ist.<\/p>\n\n\n\n<p><strong>Projekt Treffpunkt<\/strong><\/p>\n\n\n\n<p>Herr Sch\u00fcller\u201c Ortsvorsteher Gem\u00fcnden\u201c erl\u00e4uterte&nbsp; die bisherigen Arbeitssitzungen und die daraus entstandenen Ideen und Vorschl\u00e4ge der Projektgruppe Treffpunkt. In Gem\u00fcnden gibt es keine ad\u00e4quate Versammlungsst\u00e4tte. Die bisherige Praxis war, Sitzungen, Versammlungen, \u00f6ffentliche Veranstaltungen, Workshops, sowie Wahlen wurden in der bis Dato vorhandenen Gastronomie abgehalten. In der nahen Vergangenheit ist die Anzahl der Gastrobetriebe in Gem\u00fcnden stark zur\u00fcckgegangen und die verbliebenen Betriebe verfolgen andere Konzepte in denen orts\u00fcbliche Ansammlungen nicht vorgesehen sind. Die derzeitige Praxis bez\u00fcglich Versammlungen aller Art ist nicht zeitgem\u00e4\u00df, Witterungsabh\u00e4ngig und in vielen F\u00e4llen sehr Risikobehaftet und auch nicht zul\u00e4ssig, ( Siehe &nbsp;z.B. Wahlen und\/oder nicht\u00f6ffentliche Ratssitzungen ) da alles im Freien auf unserem Spielplatz abgehalten werden muss. Im Zuge der aktuell stattfindenden Dorfmoderation \/ Dorferneuerung wird dieses Problem thematisiert und mit den B\u00fcrgern von Gem\u00fcnden nach einer tragbaren L\u00f6sung gesucht. Aktuell wird der Kontakt zu&nbsp; hilfsbereiten Fachbeh\u00f6rden und Institutionen gesucht um mit entsprechender Unterst\u00fctzung eine Planung anzugehen.<\/p>\n\n\n\n<p><\/p>\n\n\n\n<p><\/p>\n\n\n\n<p><\/p>\n\n\n\n<p><\/p>\n\n\n\n<p><\/p>\n","protected":false},"excerpt":{"rendered":"<p>Notfallerstversorgung Am Samstag den 15.04.2023 wurde von zwei&nbsp; flei\u00dfigen B\u00fcrgern aus Gem\u00fcnden ein Defibrillator am Feuerwehrhaus in Gem\u00fcnden montiert und betriebsbereit&nbsp; installiert. Das Ger\u00e4t wurde von dem Verein\u201c Schwarzer Fl\u00fcgel\u201c gestiftet, dessen Pr\u00e4sidentin Janine Theis, eine B\u00fcrgerin aus Gem\u00fcnden ist, und wird auch von diesem unterhalten. (Versichert, gewartet und es werden Sicherheitstechnische&nbsp; Kontrollen durchgef\u00fchrt). Das &hellip; <a href=\"https:\/\/www.daun-gemuenden.de\/cms\/info-des-ortsbeirat\/\" class=\"more-link\"><span class=\"screen-reader-text\">Info des Ortsbeirat<\/span> weiterlesen <span class=\"meta-nav\">&rarr;<\/span><\/a><\/p>\n","protected":false},"author":2,"featured_media":0,"parent":0,"menu_order":0,"comment_status":"closed","ping_status":"closed","template":"","meta":{"footnotes":""},"_links":{"self":[{"href":"https:\/\/www.daun-gemuenden.de\/cms\/wp-json\/wp\/v2\/pages\/230"}],"collection":[{"href":"https:\/\/www.daun-gemuenden.de\/cms\/wp-json\/wp\/v2\/pages"}],"about":[{"href":"https:\/\/www.daun-gemuenden.de\/cms\/wp-json\/wp\/v2\/types\/page"}],"author":[{"embeddable":true,"href":"https:\/\/www.daun-gemuenden.de\/cms\/wp-json\/wp\/v2\/users\/2"}],"replies":[{"embeddable":true,"href":"https:\/\/www.daun-gemuenden.de\/cms\/wp-json\/wp\/v2\/comments?post=230"}],"version-history":[{"count":12,"href":"https:\/\/www.daun-gemuenden.de\/cms\/wp-json\/wp\/v2\/pages\/230\/revisions"}],"predecessor-version":[{"id":842,"href":"https:\/\/www.daun-gemuenden.de\/cms\/wp-json\/wp\/v2\/pages\/230\/revisions\/842"}],"wp:attachment":[{"href":"https:\/\/www.daun-gemuenden.de\/cms\/wp-json\/wp\/v2\/media?parent=230"}],"curies":[{"name":"wp","href":"https:\/\/api.w.org\/{rel}","templated":true}]}}