{"id":23,"date":"2014-04-27T14:16:32","date_gmt":"2014-04-27T12:16:32","guid":{"rendered":"http:\/\/www.daun-gemuenden.de\/cms\/?page_id=23"},"modified":"2021-12-01T22:25:09","modified_gmt":"2021-12-01T20:25:09","slug":"chronik","status":"publish","type":"page","link":"https:\/\/www.daun-gemuenden.de\/cms\/chronik\/","title":{"rendered":"Chronik"},"content":{"rendered":"\n<div style=\"height:100px\" aria-hidden=\"true\" class=\"wp-block-spacer\"><\/div>\n\n\n\n<h2 class=\"wp-block-heading\"><\/h2>\n\n\n\n<div class=\"wp-block-file\"><a href=\"https:\/\/www.daun-gemuenden.de\/cms\/wp-content\/uploads\/2020\/03\/Chronik-Gem\u00fcnden.pdf\">Chronik Gem\u00fcnden<\/a><a href=\"https:\/\/www.daun-gemuenden.de\/cms\/wp-content\/uploads\/2020\/03\/Chronik-Gem\u00fcnden.pdf\" class=\"wp-block-file__button\" download>Press<\/a><\/div>\n\n\n\n<div style=\"height:100px\" aria-hidden=\"true\" class=\"wp-block-spacer\"><\/div>\n\n\n<h2 class=\"art-postheader\">&nbsp;<\/h2>\n<div class=\"art-postcontent\">\n<div class=\"art-article\">\n<p>Eine Poetin aus Gem\u00fcnden!<br>Vor 100 Jahren am 28 Dezember 2009 wurde Agnes Kordel in Ulmen geboren. Sie hat in Gem\u00fcnden gelebt und hat Ihren Lebensabend auf dem landwirtschaftlichen Betrieb Ihrer Familie in Mehren verbracht. Dort feierte Sie 2009 Ihren 90 Geburtstag.<br>Wer sie kannte, wusste sie war eine belesene und vielseitig interessierte Frau, man h\u00f6rte ihr gerne zu wenn Sie aus ihrem reichhaltigen Wissensschatz erz\u00e4hlte. Die schwere und entbehrungsreiche Arbeit die sie in der Landwirtschaft verrichtete, hat sie bei ihren Erz\u00e4hlungen nie in den Vordergrund gestellt, bescheiden wie sie war. Als sie 1 Jahr alt war, zog die Familie mit ihren 5 Schwestern zu Ihrem Gro\u00dfvater nach Gem\u00fcnden. Viele meiner Geschwister sind so alt geworden, wir stammen halt einer alten Rasse ab witzelte sie. Die B\u00e4uerin begeisterte sich gerne f\u00fcr die Natur, manche Kr\u00e4uter und oder B\u00e4ume die in der Eifel wachsen hatten ihre Geschichte und sie kannte auch ihre heilende Wirkung. Gerne aber erinnere ich mich besonders jetzt in der Weihnachtzeit an eine besondere Begebenheit. Bei einem meiner Besuche an Ihrem Krankenlager in Mehren erz\u00e4hlte Sie mir lebhaft aus ihrer Schulzeit und das sie gerne Aufs\u00e4tze schrieb und sich f\u00fcr Gedichte begeisterte. Als sie mir dann Das Gedicht \u201e Das Gl\u00f6cklein von Innisfare\u201c eine anr\u00fchrende ca. 220 Zeilen lange Ballade von Friedrich Halm auswendig aufsagte, war mein Erstaunen \u00fcber Ihre aussergew\u00f6hnliche Ged\u00e4chtnisleistung in Hochachtungsvolle Bewunderung gewechselt. Oma Agnes, Sie sind eine Bewundernswerte, unvergleichliche, herzliche und \u00fcberaus liebenswerte Frau, brach es aus mir raus. Weil sie am Fest der unschuldigen Kinder geboren war und das Gedicht eine Weihnachtserz\u00e4hlung ist m\u00f6chte ich es zum Anlass nehmen sie alle in Vorweihnachtsstimmung zu bringen, erinnern Sie sich einfach an sch\u00f6ne Ereignisse mit Ihren Mitmenschen und denken Sie dar\u00fcber nach, jeder Mensch ist und war einzigartig. Wenn Dann noch alle Bem\u00fchungen die den Frieden f\u00f6rdern im Vordergrund stehen, dann erf\u00fcllt das Weihnachtsfest seinen wahren Grund.<br>Hermann Sch\u00fcller<br>Ortsvorsteher<\/p>\n<\/div>\n<\/div>\n\n\n<p><\/p>\n\n\n\n<p><\/p>\n\n\n\n<p><strong>Die Gem\u00fcndener M\u00fchle<\/strong><\/p>\n\n\n\n<p>In&nbsp; die alte Gem\u00fcndener M\u00fchle ist vor wenigen Jahren ein&nbsp; Metalldesigner und K\u00fcnstler eingezogen und betreibt dort ein Atelier f\u00fcr Metallformen. Seit dem haben&nbsp; dort schon einige Aktivit\u00e4ten stattgefunden die \u00f6ffentliches Interesse wecken. Das gro\u00dfz\u00fcgige und weitl\u00e4ufige Areal bietet sich f\u00fcr platzfordernde&nbsp; Veranstaltungen hervorragend an. So hat am Wochenende vom 10.09 \u2013 12.09.2021 im Schatten aller weltlichen Ereignisse dort ein beachtliches Event stattgefunden.\u201c Die Multiepochalen Freundschaftstage\u201c! Es war ein Zeltdorf aufgebaut mit Zelttypen aus dem Hochmittelalter, wie Alts\u00e4chsische, Wikinger und Templer Zelte. Die Teilnehmer der Freundschaftstage&nbsp; waren in historischem Gewand gekleidet und gingen Mittelalterlichen T\u00e4tigkeiten nach, wie Herstellen von Schmuck z.B. aus Knochen, Traditionelles spinnen und weben, schmieden von Waffen ,Werkzeugen und Messern, und nicht zuletzt&nbsp; Sportfechten&nbsp; als eine&nbsp; historische Sportart. Da die Veranstaltung nicht kommerziell abgehalten wurde, habe ich mit Erlaubnis der Veranstalter &nbsp;ein Paar Fotos geschossen die den Kulturellen Status unserer Gemeinde und Ihrer B\u00fcrgern belegen und die ich Ihnen nicht vorenthalten m\u00f6chte. Es macht mich stolz, B\u00fcrger in solch einer Gemeinde zu sein.<\/p>\n\n\n\n<p>Hermann Sch\u00fcller<\/p>\n\n\n\n<p>&nbsp; Ortsvorsteher<\/p>\n\n\n\n<figure class=\"wp-block-image size-large\"><a href=\"https:\/\/www.daun-gemuenden.de\/cms\/wp-content\/uploads\/2021\/11\/P1050951-scaled.jpg\"><img loading=\"lazy\" decoding=\"async\" width=\"1024\" height=\"768\" src=\"https:\/\/www.daun-gemuenden.de\/cms\/wp-content\/uploads\/2021\/11\/P1050951-1024x768.jpg\" alt=\"\" class=\"wp-image-584\" srcset=\"https:\/\/www.daun-gemuenden.de\/cms\/wp-content\/uploads\/2021\/11\/P1050951-1024x768.jpg 1024w, https:\/\/www.daun-gemuenden.de\/cms\/wp-content\/uploads\/2021\/11\/P1050951-300x225.jpg 300w, https:\/\/www.daun-gemuenden.de\/cms\/wp-content\/uploads\/2021\/11\/P1050951-768x576.jpg 768w, https:\/\/www.daun-gemuenden.de\/cms\/wp-content\/uploads\/2021\/11\/P1050951-1536x1152.jpg 1536w, https:\/\/www.daun-gemuenden.de\/cms\/wp-content\/uploads\/2021\/11\/P1050951-2048x1536.jpg 2048w\" sizes=\"(max-width: 1024px) 100vw, 1024px\" \/><\/a><\/figure>\n\n\n\n<figure class=\"wp-block-image size-large\"><a href=\"https:\/\/www.daun-gemuenden.de\/cms\/wp-content\/uploads\/2021\/11\/P1050952-scaled.jpg\"><img loading=\"lazy\" decoding=\"async\" width=\"1024\" height=\"768\" src=\"https:\/\/www.daun-gemuenden.de\/cms\/wp-content\/uploads\/2021\/11\/P1050952-1024x768.jpg\" alt=\"\" class=\"wp-image-585\" srcset=\"https:\/\/www.daun-gemuenden.de\/cms\/wp-content\/uploads\/2021\/11\/P1050952-1024x768.jpg 1024w, https:\/\/www.daun-gemuenden.de\/cms\/wp-content\/uploads\/2021\/11\/P1050952-300x225.jpg 300w, https:\/\/www.daun-gemuenden.de\/cms\/wp-content\/uploads\/2021\/11\/P1050952-768x576.jpg 768w, https:\/\/www.daun-gemuenden.de\/cms\/wp-content\/uploads\/2021\/11\/P1050952-1536x1152.jpg 1536w, https:\/\/www.daun-gemuenden.de\/cms\/wp-content\/uploads\/2021\/11\/P1050952-2048x1536.jpg 2048w\" sizes=\"(max-width: 1024px) 100vw, 1024px\" \/><\/a><\/figure>\n\n\n\n<figure class=\"wp-block-image size-large\"><a href=\"https:\/\/www.daun-gemuenden.de\/cms\/wp-content\/uploads\/2021\/11\/P1050956-scaled.jpg\"><img loading=\"lazy\" decoding=\"async\" width=\"1024\" height=\"768\" src=\"https:\/\/www.daun-gemuenden.de\/cms\/wp-content\/uploads\/2021\/11\/P1050956-1024x768.jpg\" alt=\"\" class=\"wp-image-586\" srcset=\"https:\/\/www.daun-gemuenden.de\/cms\/wp-content\/uploads\/2021\/11\/P1050956-1024x768.jpg 1024w, https:\/\/www.daun-gemuenden.de\/cms\/wp-content\/uploads\/2021\/11\/P1050956-300x225.jpg 300w, https:\/\/www.daun-gemuenden.de\/cms\/wp-content\/uploads\/2021\/11\/P1050956-768x576.jpg 768w, https:\/\/www.daun-gemuenden.de\/cms\/wp-content\/uploads\/2021\/11\/P1050956-1536x1152.jpg 1536w, https:\/\/www.daun-gemuenden.de\/cms\/wp-content\/uploads\/2021\/11\/P1050956-2048x1536.jpg 2048w\" sizes=\"(max-width: 1024px) 100vw, 1024px\" \/><\/a><\/figure>\n\n\n\n<figure class=\"wp-block-image size-large\"><a href=\"https:\/\/www.daun-gemuenden.de\/cms\/wp-content\/uploads\/2021\/11\/P1050961-scaled.jpg\"><img loading=\"lazy\" decoding=\"async\" width=\"1024\" height=\"768\" src=\"https:\/\/www.daun-gemuenden.de\/cms\/wp-content\/uploads\/2021\/11\/P1050961-1024x768.jpg\" alt=\"\" class=\"wp-image-587\" srcset=\"https:\/\/www.daun-gemuenden.de\/cms\/wp-content\/uploads\/2021\/11\/P1050961-1024x768.jpg 1024w, https:\/\/www.daun-gemuenden.de\/cms\/wp-content\/uploads\/2021\/11\/P1050961-300x225.jpg 300w, https:\/\/www.daun-gemuenden.de\/cms\/wp-content\/uploads\/2021\/11\/P1050961-768x576.jpg 768w, https:\/\/www.daun-gemuenden.de\/cms\/wp-content\/uploads\/2021\/11\/P1050961-1536x1152.jpg 1536w, https:\/\/www.daun-gemuenden.de\/cms\/wp-content\/uploads\/2021\/11\/P1050961-2048x1536.jpg 2048w\" sizes=\"(max-width: 1024px) 100vw, 1024px\" \/><\/a><\/figure>\n\n\n\n<figure class=\"wp-block-image size-large\"><a href=\"https:\/\/www.daun-gemuenden.de\/cms\/wp-content\/uploads\/2021\/11\/P1050964-scaled.jpg\"><img loading=\"lazy\" decoding=\"async\" width=\"1024\" height=\"768\" src=\"https:\/\/www.daun-gemuenden.de\/cms\/wp-content\/uploads\/2021\/11\/P1050964-1024x768.jpg\" alt=\"\" class=\"wp-image-588\" srcset=\"https:\/\/www.daun-gemuenden.de\/cms\/wp-content\/uploads\/2021\/11\/P1050964-1024x768.jpg 1024w, https:\/\/www.daun-gemuenden.de\/cms\/wp-content\/uploads\/2021\/11\/P1050964-300x225.jpg 300w, https:\/\/www.daun-gemuenden.de\/cms\/wp-content\/uploads\/2021\/11\/P1050964-768x576.jpg 768w, https:\/\/www.daun-gemuenden.de\/cms\/wp-content\/uploads\/2021\/11\/P1050964-1536x1152.jpg 1536w, https:\/\/www.daun-gemuenden.de\/cms\/wp-content\/uploads\/2021\/11\/P1050964-2048x1536.jpg 2048w\" sizes=\"(max-width: 1024px) 100vw, 1024px\" \/><\/a><\/figure>\n\n\n\n<figure class=\"wp-block-image size-large\"><a href=\"https:\/\/www.daun-gemuenden.de\/cms\/wp-content\/uploads\/2021\/11\/P1050965-scaled.jpg\"><img loading=\"lazy\" decoding=\"async\" width=\"1024\" height=\"768\" src=\"https:\/\/www.daun-gemuenden.de\/cms\/wp-content\/uploads\/2021\/11\/P1050965-1024x768.jpg\" alt=\"\" class=\"wp-image-589\" srcset=\"https:\/\/www.daun-gemuenden.de\/cms\/wp-content\/uploads\/2021\/11\/P1050965-1024x768.jpg 1024w, https:\/\/www.daun-gemuenden.de\/cms\/wp-content\/uploads\/2021\/11\/P1050965-300x225.jpg 300w, https:\/\/www.daun-gemuenden.de\/cms\/wp-content\/uploads\/2021\/11\/P1050965-768x576.jpg 768w, https:\/\/www.daun-gemuenden.de\/cms\/wp-content\/uploads\/2021\/11\/P1050965-1536x1152.jpg 1536w, https:\/\/www.daun-gemuenden.de\/cms\/wp-content\/uploads\/2021\/11\/P1050965-2048x1536.jpg 2048w\" sizes=\"(max-width: 1024px) 100vw, 1024px\" \/><\/a><\/figure>\n\n\n\n<figure class=\"wp-block-image size-large\"><a href=\"https:\/\/www.daun-gemuenden.de\/cms\/wp-content\/uploads\/2021\/11\/P1050967-scaled.jpg\"><img loading=\"lazy\" decoding=\"async\" width=\"1024\" height=\"768\" src=\"https:\/\/www.daun-gemuenden.de\/cms\/wp-content\/uploads\/2021\/11\/P1050967-1024x768.jpg\" alt=\"\" class=\"wp-image-590\" srcset=\"https:\/\/www.daun-gemuenden.de\/cms\/wp-content\/uploads\/2021\/11\/P1050967-1024x768.jpg 1024w, https:\/\/www.daun-gemuenden.de\/cms\/wp-content\/uploads\/2021\/11\/P1050967-300x225.jpg 300w, https:\/\/www.daun-gemuenden.de\/cms\/wp-content\/uploads\/2021\/11\/P1050967-768x576.jpg 768w, https:\/\/www.daun-gemuenden.de\/cms\/wp-content\/uploads\/2021\/11\/P1050967-1536x1152.jpg 1536w, https:\/\/www.daun-gemuenden.de\/cms\/wp-content\/uploads\/2021\/11\/P1050967-2048x1536.jpg 2048w\" sizes=\"(max-width: 1024px) 100vw, 1024px\" \/><\/a><\/figure>\n\n\n\n<figure class=\"wp-block-image size-large\"><a href=\"https:\/\/www.daun-gemuenden.de\/cms\/wp-content\/uploads\/2021\/11\/P1050968-scaled.jpg\"><img loading=\"lazy\" decoding=\"async\" width=\"1024\" height=\"768\" src=\"https:\/\/www.daun-gemuenden.de\/cms\/wp-content\/uploads\/2021\/11\/P1050968-1024x768.jpg\" alt=\"\" class=\"wp-image-591\" srcset=\"https:\/\/www.daun-gemuenden.de\/cms\/wp-content\/uploads\/2021\/11\/P1050968-1024x768.jpg 1024w, https:\/\/www.daun-gemuenden.de\/cms\/wp-content\/uploads\/2021\/11\/P1050968-300x225.jpg 300w, https:\/\/www.daun-gemuenden.de\/cms\/wp-content\/uploads\/2021\/11\/P1050968-768x576.jpg 768w, https:\/\/www.daun-gemuenden.de\/cms\/wp-content\/uploads\/2021\/11\/P1050968-1536x1152.jpg 1536w, https:\/\/www.daun-gemuenden.de\/cms\/wp-content\/uploads\/2021\/11\/P1050968-2048x1536.jpg 2048w\" sizes=\"(max-width: 1024px) 100vw, 1024px\" \/><\/a><\/figure>\n\n\n\n<figure class=\"wp-block-image size-large\"><a href=\"https:\/\/www.daun-gemuenden.de\/cms\/wp-content\/uploads\/2021\/11\/P1050969-scaled.jpg\"><img loading=\"lazy\" decoding=\"async\" width=\"1024\" height=\"768\" src=\"https:\/\/www.daun-gemuenden.de\/cms\/wp-content\/uploads\/2021\/11\/P1050969-1024x768.jpg\" alt=\"\" class=\"wp-image-592\" srcset=\"https:\/\/www.daun-gemuenden.de\/cms\/wp-content\/uploads\/2021\/11\/P1050969-1024x768.jpg 1024w, https:\/\/www.daun-gemuenden.de\/cms\/wp-content\/uploads\/2021\/11\/P1050969-300x225.jpg 300w, https:\/\/www.daun-gemuenden.de\/cms\/wp-content\/uploads\/2021\/11\/P1050969-768x576.jpg 768w, https:\/\/www.daun-gemuenden.de\/cms\/wp-content\/uploads\/2021\/11\/P1050969-1536x1152.jpg 1536w, https:\/\/www.daun-gemuenden.de\/cms\/wp-content\/uploads\/2021\/11\/P1050969-2048x1536.jpg 2048w\" sizes=\"(max-width: 1024px) 100vw, 1024px\" \/><\/a><\/figure>\n","protected":false},"excerpt":{"rendered":"<p>&nbsp; Eine Poetin aus Gem\u00fcnden!Vor 100 Jahren am 28 Dezember 2009 wurde Agnes Kordel in Ulmen geboren. Sie hat in Gem\u00fcnden gelebt und hat Ihren Lebensabend auf dem landwirtschaftlichen Betrieb Ihrer Familie in Mehren verbracht. Dort feierte Sie 2009 Ihren 90 Geburtstag.Wer sie kannte, wusste sie war eine belesene und vielseitig interessierte Frau, man h\u00f6rte &hellip; <a href=\"https:\/\/www.daun-gemuenden.de\/cms\/chronik\/\" class=\"more-link\"><span class=\"screen-reader-text\">Chronik<\/span> weiterlesen <span class=\"meta-nav\">&rarr;<\/span><\/a><\/p>\n","protected":false},"author":1,"featured_media":0,"parent":0,"menu_order":0,"comment_status":"closed","ping_status":"closed","template":"","meta":{"footnotes":""},"_links":{"self":[{"href":"https:\/\/www.daun-gemuenden.de\/cms\/wp-json\/wp\/v2\/pages\/23"}],"collection":[{"href":"https:\/\/www.daun-gemuenden.de\/cms\/wp-json\/wp\/v2\/pages"}],"about":[{"href":"https:\/\/www.daun-gemuenden.de\/cms\/wp-json\/wp\/v2\/types\/page"}],"author":[{"embeddable":true,"href":"https:\/\/www.daun-gemuenden.de\/cms\/wp-json\/wp\/v2\/users\/1"}],"replies":[{"embeddable":true,"href":"https:\/\/www.daun-gemuenden.de\/cms\/wp-json\/wp\/v2\/comments?post=23"}],"version-history":[{"count":10,"href":"https:\/\/www.daun-gemuenden.de\/cms\/wp-json\/wp\/v2\/pages\/23\/revisions"}],"predecessor-version":[{"id":602,"href":"https:\/\/www.daun-gemuenden.de\/cms\/wp-json\/wp\/v2\/pages\/23\/revisions\/602"}],"wp:attachment":[{"href":"https:\/\/www.daun-gemuenden.de\/cms\/wp-json\/wp\/v2\/media?parent=23"}],"curies":[{"name":"wp","href":"https:\/\/api.w.org\/{rel}","templated":true}]}}