{"id":17,"date":"2014-04-27T14:14:26","date_gmt":"2014-04-27T12:14:26","guid":{"rendered":"http:\/\/www.daun-gemuenden.de\/cms\/?page_id=17"},"modified":"2024-11-19T18:40:34","modified_gmt":"2024-11-19T16:40:34","slug":"kultur","status":"publish","type":"page","link":"https:\/\/www.daun-gemuenden.de\/cms\/kultur\/","title":{"rendered":"Kultur"},"content":{"rendered":"\n<figure class=\"wp-block-image size-large\"><a href=\"https:\/\/www.daun-gemuenden.de\/cms\/wp-content\/uploads\/2021\/09\/Weissesroessel_TV_10092021.png\"><img loading=\"lazy\" decoding=\"async\" width=\"922\" height=\"957\" src=\"https:\/\/www.daun-gemuenden.de\/cms\/wp-content\/uploads\/2021\/09\/Weissesroessel_TV_10092021.png\" alt=\"\" class=\"wp-image-559\" srcset=\"https:\/\/www.daun-gemuenden.de\/cms\/wp-content\/uploads\/2021\/09\/Weissesroessel_TV_10092021.png 922w, https:\/\/www.daun-gemuenden.de\/cms\/wp-content\/uploads\/2021\/09\/Weissesroessel_TV_10092021-289x300.png 289w, https:\/\/www.daun-gemuenden.de\/cms\/wp-content\/uploads\/2021\/09\/Weissesroessel_TV_10092021-768x797.png 768w\" sizes=\"(max-width: 922px) 100vw, 922px\" \/><\/a><\/figure>\n\n\n\n<p id=\"block-d1e508d2-acca-4c8c-93c4-16592e5f846b\"><strong>DAUN-GEM\u00dcNDEN&nbsp;Mit der Gr\u00fcndung der Freilichtspiele Gem\u00fcnden beweist Musicaldarsteller und Hotelier Sebastian Krolik in seiner Heimat, dass Kultur auch in Coronazeiten zum Eifelleben geh\u00f6rt.<\/strong><\/p>\n\n\n\n<p id=\"block-661564f3-aef4-40fd-b34a-07e03a1b146d\">Sebastian Krolik, der gemeinsam mit seinem Partner das Landhotel M\u00fcller in Daun-Gem\u00fcnden betreibt, schlie\u00dft sich dem an und hat einen konkreten Plan. Als Musicaldarsteller war er unter anderem in \u201eTanz der Vampire\u201c zu sehen und bringt ein dicht gewebtes Netzwerk aus hochkar\u00e4tigen K\u00fcnstlerinnen und K\u00fcnstlern mit in seine Eifelheimat. Und das nicht mehr nur zum Privatvergn\u00fcgen, sondern er hat soeben mit diesem Pfund in der Waagschale die Freilichtspiele Gem\u00fcnden gegr\u00fcndet.<\/p>\n\n\n\n<p id=\"block-3a6c4e03-fca5-4c98-a8d3-e97e59b29e28\">\u201eWir wollen ab 2021 jedes Jahr in der ersten Septemberwoche vor dem Landhotel Musicals und Theaterst\u00fccke bieten, die Publikumsmagneten sind und in frecher, neuer Inszenierung allen Kulturfans Spa\u00df machen\u201c, sagt Krolik. \u201eDas erste St\u00fcck steht, wir f\u00fchren es vom 2. bis 5. September 2021 auf. Und die zweite Saison planen wir schon mit der Perspektive, dass die Freilichtspiele als feste Einrichtung wachsen k\u00f6nnen und beispielsweise auch St\u00fccke f\u00fcr Kinder und Jugendliche einbinden.\u201c<\/p>\n\n\n\n<p id=\"block-057019cc-654c-4eb1-8e04-eee1c643981c\">Aber womit im kommenden Jahr gestartet wird, verr\u00e4t er erst mit dem Start des Vorverkaufs am 27. November 2020. \u201eWir machen es gern spannend. Auf jeden Fall werden echte Gr\u00f6\u00dfen der Musicalszene dabei sein und auch ein ganz spezieller \u00dcberraschungsgast.\u201c<\/p>\n\n\n\n<p id=\"block-37def77c-8876-4899-8ada-745dfebc4b9b\">Eine Starbesetzung ins Eifeldorf zu locken, gelang ihm dank seiner vielen Freundschaften mit K\u00fcnstlerkollegInnen, denn Krolik selbst ist in der Musicalszene anerkannt. Er schaffte es sogar, die aus dem Fernsehkabarett \u201eLadysnight\u201c bekannte K\u00f6lner Comedienne Meltem Kaptan f\u00fcr die Schirmherrschaft der Freilichtspiele Gem\u00fcnden zu gewinnen. Sie findet das eine sch\u00f6ne Geschichte: \u201eEin junger, talentierter Mann zieht aus der Vulkaneifel in die gro\u00dfe weite Welt und wird schon bald darauf als B\u00fchnendarsteller gefeiert. Die Liebe zu seiner Heimat begleitet ihn und l\u00e4sst in ihm die Vision reifen, eines Tages zur\u00fcckzukehren und seinen Geburtsort mit einem hochwertigen Kulturprogramm zu bereichern.\u201c<\/p>\n\n\n\n<p id=\"block-b77250cc-1da4-4352-9146-f9fa7b7ea8e8\">So kommt es, dass derzeit Techniker, B\u00fchnenbauer und Texter am Werk im Eifeldorf sind. Auch die aus \u201eMamma Mia!\u201c oder \u201eSister Act\u201c bekannte Franziska Schuster ist mit von der kreativen Partie. Kaptan betont: \u201eDie schwierigen Zeiten, die wir gerade erleben, zeigen uns den wahren Stellenwert von Kunst und Kultur in unserer Gesellschaft und dass wir dieses Gut mit all unserer Kraft besch\u00fctzen und verteidigen m\u00fcssen. Denn ohne unsere wundervollen K\u00fcnstler und ohne die Kultur w\u00e4re es still in unserem Land.\u201c<\/p>\n\n\n\n<p id=\"block-b1f16132-bb72-4ca1-a44f-6e4a961ceba7\">Auch Krolik sieht Kultur als Motor, um die Pandemie gut zu \u00fcberstehen: \u201eWir wollen dem Virus nicht allen Raum geben, sondern Mut machen statt \u201amotzen\u2018. Nat\u00fcrlich ist die Planbarkeit derzeit schwierig, aber alle guten Dinge entstehen in der Krise.\u201c<\/p>\n\n\n\n<p id=\"block-51d49f61-c8f1-48bf-9d85-6e2dc77bf302\">Da die Freilichtspiele open air mit maximal 250 Zuschauern stattfinden, ist die Durchf\u00fchrung auf jeden Fall gew\u00e4hrleistet, auch wenn im kommenden September Corona immer noch ein W\u00f6rtchen mitreden sollte. \u201eJetzt mit der Gr\u00fcndung der Spiele zu starten,&nbsp;ist insofern gut, weil ins Bewusstsein ger\u00fcckt ist, dass Kultur kein Beiwerk ist, sondern zum Bedarf eines jeden geh\u00f6rt. Wir wollen wachr\u00fctteln und zeigen, dass die Kulturszene nicht sterben darf.\u201c<\/p>\n\n\n\n<p id=\"block-49a03f08-b7e1-46b6-a93f-a927221774b0\">Herrmann Sch\u00fcller, Ortsvorsteher von Daun-Gem\u00fcnden, best\u00e4tigt die Bedeutung: \u201eEs ist f\u00fcr unseren Ort und seine Umgebung eine herausragende Bereicherung und tr\u00e4gt ganz gewiss zur Weiterentwicklung der Vulkaneifel bei, zumal sich die Urspr\u00fcnglichkeit von Daun-Gem\u00fcnden wunderbar in das Thema Freilichtspiele einf\u00fcgen l\u00e4sst.\u201c<\/p>\n\n\n\n<p id=\"block-aa8eb844-ab1b-4e14-ad7e-21e69d1d3c18\"><em><strong>Ab dem 27. November startet der Vorverkauf, n\u00e4here Informationen folgen im Trierischen Volksfreund.<\/strong><\/em><\/p>\n\n\n\n<figure class=\"wp-block-image\" id=\"block-5a129b9e-f871-4d88-9cad-4ac938fdc6b6\"><img decoding=\"async\" src=\"https:\/\/www.daun-gemuenden.de\/cms\/wp-content\/uploads\/2020\/10\/Sebastian-Krolik-300x254.jpg\" alt=\"Dieses Bild hat ein leeres Alt-Attribut. Der Dateiname ist Sebastian-Krolik-300x254.jpg\"\/><\/figure>\n\n\n\n<h2 class=\"wp-block-heading\" id=\"block-2d2721dd-f184-48e2-a962-7c33cd470758\">Sebastian Krolik, Gr\u00fcnder der Freilichtspiele Gem\u00fcnden<\/h2>\n\n\n\n<figure class=\"wp-block-image\" id=\"block-650635ec-6ca0-42ed-a277-bf4dbfb62651\"><img decoding=\"async\" src=\"https:\/\/www.daun-gemuenden.de\/cms\/wp-content\/uploads\/2020\/10\/w1696_h1052_x1017_y611_Meltem_Kaptan__c__Guido_Schr_C3_83_C2_B6der_Kopie_edited-1f20292b6627b61c-300x186.jpg\" alt=\"Dieses Bild hat ein leeres Alt-Attribut. Der Dateiname ist w1696_h1052_x1017_y611_Meltem_Kaptan__c__Guido_Schr_C3_83_C2_B6der_Kopie_edited-1f20292b6627b61c-300x186.jpg\"\/><\/figure>\n\n\n\n<h2 class=\"wp-block-heading\" id=\"block-1b29ed24-bb63-4cd7-94d2-7fcd7ee88e66\">Meltem Kaptan, Schirmherrin Freilichtspiele Gem\u00fcnden<\/h2>\n\n\n\n<figure class=\"wp-block-image\" id=\"block-e6addd4d-6de5-4bab-b7fb-fbf810fed376\"><img decoding=\"async\" src=\"https:\/\/www.daun-gemuenden.de\/cms\/wp-content\/uploads\/2020\/10\/Gemuenden-300x253.jpg\" alt=\"Dieses Bild hat ein leeres Alt-Attribut. Der Dateiname ist Gemuenden-300x253.jpg\"\/><\/figure>\n\n\n\n<h2 class=\"wp-block-heading\" id=\"block-de3e3002-8877-45d4-a0b8-c715f39e17c0\">Ort der Freilichtspiele September 2021<\/h2>\n\n\n\n<p><\/p>\n\n\n<div class=\"items-leading\">\n<div class=\"leading-0\">\n<div class=\"art-box art-post\">\n<div class=\"art-box-body art-post-body\">\n<div class=\"art-post-inner\">\n<h4 class=\"art-postheader\">Feuerwehr L\u00f6schgruppe Gem\u00fcnden<\/h4>\n<div class=\"art-postcontent\">\n<div class=\"art-article\">\n<div class=\"img_caption right\" style=\"float: right; width: 353px;\"><img decoding=\"async\" class=\"caption\" src=\"https:\/\/www.daun-gemuenden.de\/cms_joomla\/images\/history12.jpg\" alt=\"L\u00f6schgruppe Gem\u00fcnden\" border=\"0\" align=\"right\"><\/div>\n<p>Aktive Mitglieder der L\u00f6schgruppe Gem\u00fcnden<\/p>\n<ul>\n<li>Lehnen Horst &#8211; Brandmeister u. Gruppenf\u00fchrer<\/li>\n<li>Ehses Rolf &#8211; Hauptfeuerwehrmann u. stellv.Gruppenf\u00fchrer<\/li>\n<li>Mayer Dieter &#8211; Brandmeister<\/li>\n<li>Lehnen Matthias<\/li>\n<li>Ehses Hans<\/li>\n<li>Fabian Richter<\/li>\n<li>M\u00fcller Rudolf<\/li>\n<li>Peukert Harald<\/li>\n<li>Weiler Helmut<\/li>\n<li>Andreas Gitzen<\/li>\n<\/ul>\n<p>Inaktive Mitglieder:<\/p>\n<ul>\n<li><span style=\"color: #343e4c;\">Hans M\u00fcller<\/span><\/li>\n<li><span style=\"color: #343e4c;\">Herbert M\u00fcller<\/span><\/li>\n<li><span style=\"color: #343e4c;\">Hans Olf<br><\/span><\/li>\n<\/ul>\n<div>&nbsp;<\/div>\n<div>Weitere Informationen unter: <a href=\"http:\/\/www.feuerwehr-daun.de\" target=\"_blank\" rel=\"noopener noreferrer\">www.feuerwehr-daun.de<\/a><\/div>\n<\/div>\n<\/div>\n<\/div>\n<\/div>\n<\/div>\n<\/div>\n<\/div>\n<h2 class=\"art-postheader\">&nbsp;<\/h2>","protected":false},"excerpt":{"rendered":"<p>DAUN-GEM\u00dcNDEN&nbsp;Mit der Gr\u00fcndung der Freilichtspiele Gem\u00fcnden beweist Musicaldarsteller und Hotelier Sebastian Krolik in seiner Heimat, dass Kultur auch in Coronazeiten zum Eifelleben geh\u00f6rt. Sebastian Krolik, der gemeinsam mit seinem Partner das Landhotel M\u00fcller in Daun-Gem\u00fcnden betreibt, schlie\u00dft sich dem an und hat einen konkreten Plan. Als Musicaldarsteller war er unter anderem in \u201eTanz der Vampire\u201c &hellip; <a href=\"https:\/\/www.daun-gemuenden.de\/cms\/kultur\/\" class=\"more-link\"><span class=\"screen-reader-text\">Kultur<\/span> weiterlesen <span class=\"meta-nav\">&rarr;<\/span><\/a><\/p>\n","protected":false},"author":1,"featured_media":0,"parent":0,"menu_order":0,"comment_status":"closed","ping_status":"closed","template":"","meta":{"footnotes":""},"_links":{"self":[{"href":"https:\/\/www.daun-gemuenden.de\/cms\/wp-json\/wp\/v2\/pages\/17"}],"collection":[{"href":"https:\/\/www.daun-gemuenden.de\/cms\/wp-json\/wp\/v2\/pages"}],"about":[{"href":"https:\/\/www.daun-gemuenden.de\/cms\/wp-json\/wp\/v2\/types\/page"}],"author":[{"embeddable":true,"href":"https:\/\/www.daun-gemuenden.de\/cms\/wp-json\/wp\/v2\/users\/1"}],"replies":[{"embeddable":true,"href":"https:\/\/www.daun-gemuenden.de\/cms\/wp-json\/wp\/v2\/comments?post=17"}],"version-history":[{"count":5,"href":"https:\/\/www.daun-gemuenden.de\/cms\/wp-json\/wp\/v2\/pages\/17\/revisions"}],"predecessor-version":[{"id":560,"href":"https:\/\/www.daun-gemuenden.de\/cms\/wp-json\/wp\/v2\/pages\/17\/revisions\/560"}],"wp:attachment":[{"href":"https:\/\/www.daun-gemuenden.de\/cms\/wp-json\/wp\/v2\/media?parent=17"}],"curies":[{"name":"wp","href":"https:\/\/api.w.org\/{rel}","templated":true}]}}