{"id":128,"date":"2019-08-11T20:45:04","date_gmt":"2019-08-11T18:45:04","guid":{"rendered":"http:\/\/www.daun-gemuenden.de\/cms\/?page_id=128"},"modified":"2026-01-24T13:22:40","modified_gmt":"2026-01-24T11:22:40","slug":"aktuelles","status":"publish","type":"page","link":"https:\/\/www.daun-gemuenden.de\/cms\/aktuelles\/","title":{"rendered":"Aktuelles"},"content":{"rendered":"\n<p><strong>Sternsinger in Gem\u00fcnden unterwegs.<\/strong><\/p>\n\n\n\n<p>Am 5. Januar haben Sternsinger in Gem\u00fcnden den traditionellen Segen in die H\u00e4user gebracht. Die B\u00fcrger\/innen haben die Kinder mit offenem Herzen empfangen und mit gro\u00dfz\u00fcgigen Spenden f\u00fcr Bed\u00fcrftige unterst\u00fctzt. Ein herzliches Dankesch\u00f6n geht an die Kinder mit Ihrem Orgateam und an die freundlichen Spender.<\/p>\n\n\n\n<figure class=\"wp-block-image size-large is-resized\"><a href=\"https:\/\/www.daun-gemuenden.de\/cms\/wp-content\/uploads\/2026\/01\/IMG-20260106-WA0000-002.jpg\"><img loading=\"lazy\" decoding=\"async\" width=\"1024\" height=\"768\" src=\"https:\/\/www.daun-gemuenden.de\/cms\/wp-content\/uploads\/2026\/01\/IMG-20260106-WA0000-002-1024x768.jpg\" alt=\"\" class=\"wp-image-881\" style=\"width:371px;height:auto\" srcset=\"https:\/\/www.daun-gemuenden.de\/cms\/wp-content\/uploads\/2026\/01\/IMG-20260106-WA0000-002-1024x768.jpg 1024w, https:\/\/www.daun-gemuenden.de\/cms\/wp-content\/uploads\/2026\/01\/IMG-20260106-WA0000-002-300x225.jpg 300w, https:\/\/www.daun-gemuenden.de\/cms\/wp-content\/uploads\/2026\/01\/IMG-20260106-WA0000-002-768x576.jpg 768w, https:\/\/www.daun-gemuenden.de\/cms\/wp-content\/uploads\/2026\/01\/IMG-20260106-WA0000-002-1536x1152.jpg 1536w, https:\/\/www.daun-gemuenden.de\/cms\/wp-content\/uploads\/2026\/01\/IMG-20260106-WA0000-002.jpg 2040w\" sizes=\"(max-width: 1024px) 100vw, 1024px\" \/><\/a><\/figure>\n\n\n\n<p><strong>Notfallversorgung!<\/strong><\/p>\n\n\n\n<p>Liebe Gem\u00fcndener B\u00fcrgerinnen und B\u00fcrger,<\/p>\n\n\n\n<p>aus organisatorischen Gr\u00fcnden musste leider der am Feuerwehrhaus in Gem\u00fcnden vorhandene Defibrillator entfernt werden, was Rettungstechnisch einen herben Verlust darstellt. Um hier einen ad\u00e4quaten Ersatz zu erreichen, w\u00e4re die Installation eines First Responder Systems in Gem\u00fcnden eine wichtige Einrichtung f\u00fcr eine medizinische Notfallversorgung. Die Ehrenamtlichen Ersthelferinnen und Ersthelfer sind innerhalb weniger Minuten vor Ort, leisten qualifizierte Erste Hilf und \u00fcberbr\u00fccken die Zeit bis zum Eintreffen des Rettungsdienstes. Dabei steht jedem First Responder eine komplette Notfallausr\u00fcstung mit einem Defibrillator zur Verf\u00fcgung. Ich m\u00f6chte auf diesem Weg, Personen ermutigen, die sich f\u00fcr diese ehrenamtliche&nbsp;Aufgabe angesprochen f\u00fchlen, mich anzusprechen unter Tel. 06592\/2655 oder E-Mail  <a href=\"mailto:hermannschueller@t-online.de\">hermannschueller@t-online.de<\/a>&nbsp;<\/p>\n\n\n\n<p>Hermann Sch\u00fcller Ortsvorsteher<\/p>\n\n\n\n<p><\/p>\n\n\n\n<p><\/p>\n\n\n\n<p><\/p>\n\n\n\n<p><\/p>\n\n\n\n<p><\/p>\n\n\n\n<p><\/p>\n\n\n\n<p><\/p>\n\n\n\n<p><\/p>\n\n\n\n<p><\/p>\n\n\n\n<p><\/p>\n\n\n\n<p><\/p>\n\n\n\n<p><\/p>\n\n\n\n<p><\/p>\n\n\n\n<p><\/p>\n\n\n\n<p><\/p>\n\n\n\n<p><\/p>\n\n\n\n<p><\/p>\n\n\n\n<p><\/p>\n\n\n\n<p><\/p>\n\n\n\n<p><\/p>\n\n\n\n<p><\/p>\n\n\n\n<p><\/p>\n\n\n\n<p><\/p>\n\n\n\n<p><strong>Gemeinschaftsprojekte!<\/strong><\/p>\n\n\n\n<p>Am Samstag den 02.07.2022 haben wir eine Bachreinigungsaktion&nbsp; unter Beteiligung&nbsp; zahlreicher Gem\u00fcndener B\u00fcrger durchgef\u00fchrt.&nbsp; Es hat sich gelohnt, denn es hatte sich bei den vergangenen Hochwassern sehr viel Unrat an unseren Gew\u00e4ssern verfangen, welcher sich bei den n\u00e4chsten Hochwasserereignissen sicher sehr nachteilig ausgewirkt h\u00e4tte.&nbsp; An dieser Stelle m\u00f6chte&nbsp; ich mich bei allen Akteuren&nbsp; auch f\u00fcr den Einsatz Ihres privaten schweren und technischen Ger\u00e4tes&nbsp; herzlich bedanken. Nicht zuletzt geht auch ein herzliches&nbsp; Dankesch\u00f6n an das Wirtshaus zu den Maaren, welches&nbsp; gro\u00dfz\u00fcgig und selbstlos f\u00fcr die Verpflegung der Mannschaft gesorgt hat. Ich freue mich \u00fcber diese Leistung der Dorfgemeinschaft. Bildmaterial zu der Aktion findet man auf der Homepage von&nbsp; <a href=\"http:\/\/www.Daun-Gem\u00fcnden.de\">www.Daun-Gem\u00fcnden.de<\/a>&nbsp; unter Aktuelles.<\/p>\n\n\n\n<p>Um die Dorfgemeinschaft geht es auch in der n\u00e4chsten Aktion. Am 23.07.2022 wollen wir&nbsp; ein B\u00fcrgertreffen stattfinden lassen. Beginnen wollen wir um ca. 14:00 Uhr auf dem Dorf und Spielplatz.&nbsp; Jeder Gem\u00fcndener B\u00fcrger ist zu einem zwanglosen&nbsp; Beisammensein eingeladen. Eine Grillm\u00f6glichkeit wird bereitgestellt, f\u00fcr die Verpflegung&nbsp; sorgt jeder selbst. Der Organisationsaufwand h\u00e4lt&nbsp; sich damit in Grenzen und wir k\u00f6nnen entspannt Gemeinsamkeit erleben. Vielleicht werden bei der Gelegenheit auch Ideen entwickelt wie wir unser liebenswertes&nbsp; Dorf gemeinsam&nbsp; in die Zukunft f\u00fchren k\u00f6nnen.&nbsp; Ich hoffe auf zahlreiche Teilnehmer&nbsp; und freue mich auf jeden den ich begr\u00fc\u00dfen kann.<\/p>\n\n\n\n<p><\/p>\n\n\n\n<p>Hermann Sch\u00fcller<\/p>\n\n\n\n<p>&nbsp; Ortsvorsteher<\/p>\n\n\n\n<p><\/p>\n\n\n\n<p><\/p>\n\n\n\n<figure class=\"wp-block-image size-large\"><a href=\"https:\/\/www.daun-gemuenden.de\/cms\/wp-content\/uploads\/2022\/07\/P1050993-scaled.jpg\"><img loading=\"lazy\" decoding=\"async\" width=\"1024\" height=\"768\" src=\"https:\/\/www.daun-gemuenden.de\/cms\/wp-content\/uploads\/2022\/07\/P1050993-1024x768.jpg\" alt=\"\" class=\"wp-image-630\" srcset=\"https:\/\/www.daun-gemuenden.de\/cms\/wp-content\/uploads\/2022\/07\/P1050993-1024x768.jpg 1024w, https:\/\/www.daun-gemuenden.de\/cms\/wp-content\/uploads\/2022\/07\/P1050993-300x225.jpg 300w, https:\/\/www.daun-gemuenden.de\/cms\/wp-content\/uploads\/2022\/07\/P1050993-768x576.jpg 768w, https:\/\/www.daun-gemuenden.de\/cms\/wp-content\/uploads\/2022\/07\/P1050993-1536x1152.jpg 1536w, https:\/\/www.daun-gemuenden.de\/cms\/wp-content\/uploads\/2022\/07\/P1050993-2048x1536.jpg 2048w\" sizes=\"(max-width: 1024px) 100vw, 1024px\" \/><\/a><\/figure>\n\n\n\n<figure class=\"wp-block-image size-large\"><a href=\"https:\/\/www.daun-gemuenden.de\/cms\/wp-content\/uploads\/2022\/07\/P1050994-scaled.jpg\"><img loading=\"lazy\" decoding=\"async\" width=\"1024\" height=\"768\" src=\"https:\/\/www.daun-gemuenden.de\/cms\/wp-content\/uploads\/2022\/07\/P1050994-1024x768.jpg\" alt=\"\" class=\"wp-image-631\" srcset=\"https:\/\/www.daun-gemuenden.de\/cms\/wp-content\/uploads\/2022\/07\/P1050994-1024x768.jpg 1024w, https:\/\/www.daun-gemuenden.de\/cms\/wp-content\/uploads\/2022\/07\/P1050994-300x225.jpg 300w, https:\/\/www.daun-gemuenden.de\/cms\/wp-content\/uploads\/2022\/07\/P1050994-768x576.jpg 768w, https:\/\/www.daun-gemuenden.de\/cms\/wp-content\/uploads\/2022\/07\/P1050994-1536x1152.jpg 1536w, https:\/\/www.daun-gemuenden.de\/cms\/wp-content\/uploads\/2022\/07\/P1050994-2048x1536.jpg 2048w\" sizes=\"(max-width: 1024px) 100vw, 1024px\" \/><\/a><\/figure>\n\n\n\n<figure class=\"wp-block-image size-large\"><a href=\"https:\/\/www.daun-gemuenden.de\/cms\/wp-content\/uploads\/2022\/07\/P1050995-scaled.jpg\"><img loading=\"lazy\" decoding=\"async\" width=\"1024\" height=\"768\" src=\"https:\/\/www.daun-gemuenden.de\/cms\/wp-content\/uploads\/2022\/07\/P1050995-1024x768.jpg\" alt=\"\" class=\"wp-image-632\" srcset=\"https:\/\/www.daun-gemuenden.de\/cms\/wp-content\/uploads\/2022\/07\/P1050995-1024x768.jpg 1024w, https:\/\/www.daun-gemuenden.de\/cms\/wp-content\/uploads\/2022\/07\/P1050995-300x225.jpg 300w, https:\/\/www.daun-gemuenden.de\/cms\/wp-content\/uploads\/2022\/07\/P1050995-768x576.jpg 768w, https:\/\/www.daun-gemuenden.de\/cms\/wp-content\/uploads\/2022\/07\/P1050995-1536x1152.jpg 1536w, https:\/\/www.daun-gemuenden.de\/cms\/wp-content\/uploads\/2022\/07\/P1050995-2048x1536.jpg 2048w\" sizes=\"(max-width: 1024px) 100vw, 1024px\" \/><\/a><\/figure>\n\n\n\n<figure class=\"wp-block-image size-large\"><a href=\"https:\/\/www.daun-gemuenden.de\/cms\/wp-content\/uploads\/2022\/07\/P1050996-scaled.jpg\"><img loading=\"lazy\" decoding=\"async\" width=\"1024\" height=\"768\" src=\"https:\/\/www.daun-gemuenden.de\/cms\/wp-content\/uploads\/2022\/07\/P1050996-1024x768.jpg\" alt=\"\" class=\"wp-image-633\" srcset=\"https:\/\/www.daun-gemuenden.de\/cms\/wp-content\/uploads\/2022\/07\/P1050996-1024x768.jpg 1024w, https:\/\/www.daun-gemuenden.de\/cms\/wp-content\/uploads\/2022\/07\/P1050996-300x225.jpg 300w, https:\/\/www.daun-gemuenden.de\/cms\/wp-content\/uploads\/2022\/07\/P1050996-768x576.jpg 768w, https:\/\/www.daun-gemuenden.de\/cms\/wp-content\/uploads\/2022\/07\/P1050996-1536x1152.jpg 1536w, https:\/\/www.daun-gemuenden.de\/cms\/wp-content\/uploads\/2022\/07\/P1050996-2048x1536.jpg 2048w\" sizes=\"(max-width: 1024px) 100vw, 1024px\" \/><\/a><\/figure>\n\n\n\n<figure class=\"wp-block-image size-large\"><a href=\"https:\/\/www.daun-gemuenden.de\/cms\/wp-content\/uploads\/2022\/07\/P1050997-scaled.jpg\"><img loading=\"lazy\" decoding=\"async\" width=\"1024\" height=\"768\" src=\"https:\/\/www.daun-gemuenden.de\/cms\/wp-content\/uploads\/2022\/07\/P1050997-1024x768.jpg\" alt=\"\" class=\"wp-image-634\" srcset=\"https:\/\/www.daun-gemuenden.de\/cms\/wp-content\/uploads\/2022\/07\/P1050997-1024x768.jpg 1024w, https:\/\/www.daun-gemuenden.de\/cms\/wp-content\/uploads\/2022\/07\/P1050997-300x225.jpg 300w, https:\/\/www.daun-gemuenden.de\/cms\/wp-content\/uploads\/2022\/07\/P1050997-768x576.jpg 768w, https:\/\/www.daun-gemuenden.de\/cms\/wp-content\/uploads\/2022\/07\/P1050997-1536x1152.jpg 1536w, https:\/\/www.daun-gemuenden.de\/cms\/wp-content\/uploads\/2022\/07\/P1050997-2048x1536.jpg 2048w\" sizes=\"(max-width: 1024px) 100vw, 1024px\" \/><\/a><\/figure>\n\n\n\n<figure class=\"wp-block-image size-large\"><a href=\"https:\/\/www.daun-gemuenden.de\/cms\/wp-content\/uploads\/2022\/07\/P1060001-scaled.jpg\"><img loading=\"lazy\" decoding=\"async\" width=\"1024\" height=\"768\" src=\"https:\/\/www.daun-gemuenden.de\/cms\/wp-content\/uploads\/2022\/07\/P1060001-1024x768.jpg\" alt=\"\" class=\"wp-image-635\" srcset=\"https:\/\/www.daun-gemuenden.de\/cms\/wp-content\/uploads\/2022\/07\/P1060001-1024x768.jpg 1024w, https:\/\/www.daun-gemuenden.de\/cms\/wp-content\/uploads\/2022\/07\/P1060001-300x225.jpg 300w, https:\/\/www.daun-gemuenden.de\/cms\/wp-content\/uploads\/2022\/07\/P1060001-768x576.jpg 768w, https:\/\/www.daun-gemuenden.de\/cms\/wp-content\/uploads\/2022\/07\/P1060001-1536x1152.jpg 1536w, https:\/\/www.daun-gemuenden.de\/cms\/wp-content\/uploads\/2022\/07\/P1060001-2048x1536.jpg 2048w\" sizes=\"(max-width: 1024px) 100vw, 1024px\" \/><\/a><\/figure>\n\n\n\n<figure class=\"wp-block-image size-large\"><a href=\"https:\/\/www.daun-gemuenden.de\/cms\/wp-content\/uploads\/2022\/07\/P1060003-scaled.jpg\"><img loading=\"lazy\" decoding=\"async\" width=\"1024\" height=\"768\" src=\"https:\/\/www.daun-gemuenden.de\/cms\/wp-content\/uploads\/2022\/07\/P1060003-1024x768.jpg\" alt=\"\" class=\"wp-image-636\" srcset=\"https:\/\/www.daun-gemuenden.de\/cms\/wp-content\/uploads\/2022\/07\/P1060003-1024x768.jpg 1024w, https:\/\/www.daun-gemuenden.de\/cms\/wp-content\/uploads\/2022\/07\/P1060003-300x225.jpg 300w, https:\/\/www.daun-gemuenden.de\/cms\/wp-content\/uploads\/2022\/07\/P1060003-768x576.jpg 768w, https:\/\/www.daun-gemuenden.de\/cms\/wp-content\/uploads\/2022\/07\/P1060003-1536x1152.jpg 1536w, https:\/\/www.daun-gemuenden.de\/cms\/wp-content\/uploads\/2022\/07\/P1060003-2048x1536.jpg 2048w\" sizes=\"(max-width: 1024px) 100vw, 1024px\" \/><\/a><\/figure>\n\n\n\n<figure class=\"wp-block-image size-large\"><a href=\"https:\/\/www.daun-gemuenden.de\/cms\/wp-content\/uploads\/2022\/07\/P1060010-scaled.jpg\"><img loading=\"lazy\" decoding=\"async\" width=\"1024\" height=\"768\" src=\"https:\/\/www.daun-gemuenden.de\/cms\/wp-content\/uploads\/2022\/07\/P1060010-1024x768.jpg\" alt=\"\" class=\"wp-image-637\" srcset=\"https:\/\/www.daun-gemuenden.de\/cms\/wp-content\/uploads\/2022\/07\/P1060010-1024x768.jpg 1024w, https:\/\/www.daun-gemuenden.de\/cms\/wp-content\/uploads\/2022\/07\/P1060010-300x225.jpg 300w, https:\/\/www.daun-gemuenden.de\/cms\/wp-content\/uploads\/2022\/07\/P1060010-768x576.jpg 768w, https:\/\/www.daun-gemuenden.de\/cms\/wp-content\/uploads\/2022\/07\/P1060010-1536x1152.jpg 1536w, https:\/\/www.daun-gemuenden.de\/cms\/wp-content\/uploads\/2022\/07\/P1060010-2048x1536.jpg 2048w\" sizes=\"(max-width: 1024px) 100vw, 1024px\" \/><\/a><\/figure>\n\n\n\n<figure class=\"wp-block-image size-large\"><a href=\"https:\/\/www.daun-gemuenden.de\/cms\/wp-content\/uploads\/2022\/07\/P1060011-scaled.jpg\"><img loading=\"lazy\" decoding=\"async\" width=\"1024\" height=\"768\" src=\"https:\/\/www.daun-gemuenden.de\/cms\/wp-content\/uploads\/2022\/07\/P1060011-1024x768.jpg\" alt=\"\" class=\"wp-image-638\" srcset=\"https:\/\/www.daun-gemuenden.de\/cms\/wp-content\/uploads\/2022\/07\/P1060011-1024x768.jpg 1024w, https:\/\/www.daun-gemuenden.de\/cms\/wp-content\/uploads\/2022\/07\/P1060011-300x225.jpg 300w, https:\/\/www.daun-gemuenden.de\/cms\/wp-content\/uploads\/2022\/07\/P1060011-768x576.jpg 768w, https:\/\/www.daun-gemuenden.de\/cms\/wp-content\/uploads\/2022\/07\/P1060011-1536x1152.jpg 1536w, https:\/\/www.daun-gemuenden.de\/cms\/wp-content\/uploads\/2022\/07\/P1060011-2048x1536.jpg 2048w\" sizes=\"(max-width: 1024px) 100vw, 1024px\" \/><\/a><\/figure>\n\n\n\n<p><\/p>\n\n\n\n<p><\/p>\n\n\n\n<p><\/p>\n\n\n\n<p><\/p>\n\n\n\n<p><\/p>\n\n\n\n<p><\/p>\n\n\n\n<p><\/p>\n\n\n\n<p><\/p>\n\n\n\n<p><\/p>\n\n\n\n<p><\/p>\n\n\n\n<p><\/p>\n\n\n\n<p><\/p>\n\n\n\n<p><\/p>\n\n\n\n<p class=\"has-normal-font-size\"><\/p>\n\n\n\n<p class=\"has-medium-font-size\"><\/p>\n","protected":false},"excerpt":{"rendered":"<p>Sternsinger in Gem\u00fcnden unterwegs. Am 5. Januar haben Sternsinger in Gem\u00fcnden den traditionellen Segen in die H\u00e4user gebracht. Die B\u00fcrger\/innen haben die Kinder mit offenem Herzen empfangen und mit gro\u00dfz\u00fcgigen Spenden f\u00fcr Bed\u00fcrftige unterst\u00fctzt. Ein herzliches Dankesch\u00f6n geht an die Kinder mit Ihrem Orgateam und an die freundlichen Spender. Notfallversorgung! Liebe Gem\u00fcndener B\u00fcrgerinnen und B\u00fcrger, &hellip; <a href=\"https:\/\/www.daun-gemuenden.de\/cms\/aktuelles\/\" class=\"more-link\"><span class=\"screen-reader-text\">Aktuelles<\/span> weiterlesen <span class=\"meta-nav\">&rarr;<\/span><\/a><\/p>\n","protected":false},"author":2,"featured_media":0,"parent":0,"menu_order":1,"comment_status":"closed","ping_status":"closed","template":"","meta":{"footnotes":""},"_links":{"self":[{"href":"https:\/\/www.daun-gemuenden.de\/cms\/wp-json\/wp\/v2\/pages\/128"}],"collection":[{"href":"https:\/\/www.daun-gemuenden.de\/cms\/wp-json\/wp\/v2\/pages"}],"about":[{"href":"https:\/\/www.daun-gemuenden.de\/cms\/wp-json\/wp\/v2\/types\/page"}],"author":[{"embeddable":true,"href":"https:\/\/www.daun-gemuenden.de\/cms\/wp-json\/wp\/v2\/users\/2"}],"replies":[{"embeddable":true,"href":"https:\/\/www.daun-gemuenden.de\/cms\/wp-json\/wp\/v2\/comments?post=128"}],"version-history":[{"count":182,"href":"https:\/\/www.daun-gemuenden.de\/cms\/wp-json\/wp\/v2\/pages\/128\/revisions"}],"predecessor-version":[{"id":882,"href":"https:\/\/www.daun-gemuenden.de\/cms\/wp-json\/wp\/v2\/pages\/128\/revisions\/882"}],"wp:attachment":[{"href":"https:\/\/www.daun-gemuenden.de\/cms\/wp-json\/wp\/v2\/media?parent=128"}],"curies":[{"name":"wp","href":"https:\/\/api.w.org\/{rel}","templated":true}]}}